{"id":6330,"date":"2019-02-25T10:10:22","date_gmt":"2019-02-25T09:10:22","guid":{"rendered":"http:\/\/www.benetour.it\/importante-sapere\/"},"modified":"2020-04-24T09:14:25","modified_gmt":"2020-04-24T07:14:25","slug":"importante-sapere","status":"publish","type":"page","link":"http:\/\/www.benetour.it\/en\/importante-sapere\/","title":{"rendered":"Important to know"},"content":{"rendered":"<h3 class=\"testi\">Importante sapere<\/h3>\n<p><strong>Costo individuale di partecipazione (C.I.P)<br \/>\n<\/strong>Il C.I.P., comunemente detto quota di apertura pratica, \u00e8 obbligatoria e individuale, salve eventuali promozioni, include sempre l&#8217;assicurazione medico\/bagaglio. L&#8217;importo della quota non \u00e8 rimborsabile salvo il caso in cui il viaggio non sia confermato per il mancato raggiungimento del numero minimo indicato in ogni singola proposta.<\/p>\n<p>&#8211; adulti&nbsp; &nbsp;&nbsp;&nbsp;&nbsp;&nbsp;&nbsp;&nbsp;&nbsp;&nbsp;&nbsp;&nbsp;&nbsp;&nbsp;&nbsp;&nbsp;&nbsp;&nbsp;&nbsp;&nbsp;&nbsp;&nbsp;&nbsp;&nbsp;da&nbsp;<strong>\u20ac 25<br \/>\n<\/strong>&#8211; bambini 6\/12 anni&nbsp;&nbsp;&nbsp;&nbsp;&nbsp;&nbsp; da&nbsp;<strong>\u20ac 12<\/strong><br \/>\n&#8211; bambini fino a 6 anni&nbsp;&nbsp;&nbsp;<strong>gratis<\/strong><\/p>\n<p><strong>Quote di partecipazione<br \/>\n<\/strong>Le quote espresse in Euro, sono valide per un minimo di 25 partecipanti, salvo diversamente indicato nei singoli programmi, e sono calcolate sulla base dell&#8217;occupazione di una camera doppia da parte di due persone.<br \/>\nQualora non fosse raggiunto il numero minimo indicato, Benetour provveder\u00e0 a comunicare, per i viaggi di 2 o pi\u00f9 giorni, con almeno&nbsp;<strong>21 giorni<\/strong>&nbsp;di anticipo dalla data di partenza, l&#8217;eventuale variazione di prezzo, l&#8217;annullamento del viaggio e\/o eventuali alternative. Per i viaggi di 1 giorno la conferma sar\u00e0 comunicata 4 giorni prima della partenza.<\/p>\n<p><strong><br \/>\n<\/strong><strong>La quota comprende<br \/>\n<\/strong>&#8211; trasporto in pullman<br \/>\n&#8211; accompagnatore Benetour<br \/>\n&#8211; sistemazione in camera della tipologia prescelta<br \/>\n&#8211; pasti come da programma<br \/>\n&#8211; visite guidate ed escursioni come da programma<br \/>\n&#8211; ingressi solo se espressamente indicati nei singoli programmi<\/p>\n<p><strong>La quota non comprende<br \/>\n<\/strong>&#8211; bevande ai pasti, salvo diversamente indicato<br \/>\n&#8211; escursioni facoltative<br \/>\n&#8211; ingressi a musei, castelli, monumenti e siti archeologici in genere &#8211; anche quando la visita&nbsp;&nbsp; &nbsp;\u00e8 inclusa nel programma, salvo che sia diversamente indicato<br \/>\n&#8211; tasse di soggiorno salvo diversamente indicato<br \/>\n&#8211; assicurazione di annullamento del viaggio<br \/>\n&#8211; extra, facchinaggio e tutto quanto non indicato n\u00e9 &#8220;La quota comprende&#8221;<\/p>\n<p><strong><br \/>\n<\/strong><strong>Bambini<br \/>\n<\/strong>&#8211; i bambini si intendono in camera tripla o doppia con letto aggiunto, occupata da 2 adulti.<br \/>\n&#8211; gli anni sono da intendersi non compiuti (es. 12 anni non compiuti).<br \/>\n&#8211; il bambino sino a 2 anni necessit\u00e0 durante il viaggio dell&#8217;apposito seggiolino, non fornito dall&#8217;organizzazione, ancorato al sedile tramite la cintura di sicurezza.<br \/>\n<strong>&nbsp;<\/strong><\/p>\n<p><strong>Alberghi<br \/>\n<\/strong>Sistemazione in hotel 3 o 4 stelle. La classificazione di riferimento \u00e8 quella del Paese in cui \u00e8 ubicato l&#8217;hotel. Ogni Paese ha il proprio criterio di valutazione che pu\u00f2 essere differente da quello italiano. &nbsp;&nbsp;La sistemazione in albergo \u00e8 sempre prevista in camera doppia o matrimoniale, Si precisa che in alcuni paesi non esiste la camera matrimoniale e il letto consiste in 2 letti singoli uniti o in un unico letto di dimensioni pi\u00f9 ridotte rispetto al letto matrimoniale italiano. Le triple sono solitamente con il letto aggiunto (consigliato solo per i ragazzi). Le singole , non sempre sono della doppie uso singolo e possono avere metrature ridotte, sono in numero limitato e comportano sempre un supplemento come indicato nei singoli programmi.<br \/>\nLe camere comunicanti sono confermabili secondo la disponibilit\u00e0 dell&#8217;albergo e, comunque, non sono garantite. Stessa regola per richieste a piani alti o bassi o per camere vicine.&nbsp;Di norma il giorno dell&#8217;arrivo le camere sono disponibili a partire dalle h.14.00 e devono essere lasciate libere entro le ore 10.00 del giorno di partenza.<\/p>\n<p><strong><br \/>\n<\/strong><strong>Ristorazione<br \/>\n<\/strong>I pasti sono con men\u00f9 fisso e di buona qualit\u00e0 con inclusi piatti della cucina locale. Eventuali intolleranze o allergie alimentari dovranno essere segnalate al momento della prenotazione. La variazione del men\u00f9 dipender\u00e0 comunque dalla disponibilit\u00e0 del ristoratore.<\/p>\n<p><strong><br \/>\n<\/strong><strong>Notti supplementari prima e dopo il viaggio<br \/>\n<\/strong>A richiesta saranno fornite indicazioni per pernottare il giorno prima della partenza o\/e il giorno del rientro in hotel nelle vicinanze dei punti di &#8220;carico&#8221;.<\/p>\n<p><strong><br \/>\n<\/strong><strong>Bagagli<br \/>\n<\/strong>Non \u00e8 previsto nella quota di partecipazione il servizio di facchinaggio. Pu\u00f2 essere richiesto, se previsto, direttamente in struttura e pagato come servizio extra.<\/p>\n<p><strong><br \/>\n<\/strong><strong>Visite guidate<br \/>\n<\/strong>Le visite indicate sul programma come &#8220;guidate&#8221; saranno effettuate da guide professionali locali parlanti italiano. In relazione a esigenze di carattere tecnico l&#8217;ordine delle visite e delle escursioni potrebbe essere modificato. Nel caso in cui non fosse possibile l&#8217;effettuazione di una visita per chiusura o altra ragione, Benetour provveder\u00e0 a sostituirla con una altra di pari interesse. Le altre visite sono svolte con l&#8217;accompagnatore.<\/p>\n<p><strong>Visite ed escursioni<br \/>\n<\/strong>Le visite o le escursioni indicate come &#8220;facoltative&#8221;, non rientrano nel contratto di viaggio. L&#8217;effettuazione \u00e8 soggetta, in alcuni casi, al raggiungimento di un numero minimo di partecipanti, numero determinato in corso di viaggio e il pagamento avverr\u00e0 direttamente in loco.<\/p>\n<p><strong>Ingressi monumenti<br \/>\n<\/strong>Gli ingressi a monumenti, mostre e siti vari, salvo che sia esplicitamente indicato, non sono inclusi e pertanto dovranno essere pagati direttamente in loco. Gli importi indicati nei programmi sono puramente indicativi e potrebbero subire variazioni senza preavviso<strong>&nbsp;<\/strong><\/p>\n<p><strong>Orari e localit\u00e0 di partenza<br \/>\n<\/strong>Per tutti gli itinerari sono indicati i punti di carico. Gli orari saranno riconfermati prima della partenza. Possono essere previsti punti di carico lungo la direttrice senza il pagamento di alcun supplemento.<\/p>\n<p><strong>Posti in pullman<br \/>\n<\/strong>I posti vengono assegnati partendo dalla terza fila, in ordine di prenotazione e restano invariati per tutta la durata del viaggio i posti sono assegnati dalla citt\u00e0 di partenza del tour (es. Milano) e rimangono invariati per tutta la durata del viaggio. I servizi navetta prevedono posti liberi.<br \/>\nI posti di testa possono essere riservati ai clienti che per specifiche esigenze di salute, ne facciano richiesta al momento della prenotazione.<\/p>\n<p><strong><br \/>\n<\/strong><strong>Documenti per espatrio<br \/>\n<\/strong>I partecipanti di cittadinanza italiana devono essere in possesso di carta d&#8217;identit\u00e0 o di passaporto in corso di validit\u00e0 e di visto dove richiesto. Nessun rimborso \u00e8 dovuto a chi non potesse effettuare il viaggio prenotato o dovesse interromperlo per mancanza o invalidit\u00e0 dei documenti indicati.<br \/>\nI partecipanti non di cittadinanza italiana, devono contattare la propria Ambasciata o Consolato per ricevere le corrette informazioni per l&#8217;espatrio.<br \/>\nI minori, anche nella UE devono essere in possesso di un proprio documento d&#8217;identit\u00e0.Si consiglia comunque di contattare la Questura per verificare i documenti necessari.<br \/>\nNon si accettano iscrizioni di minori non accompagnati.<\/p>\n<p><strong>Documenti di viaggio (foglio notizie)<br \/>\n<\/strong>Alcuni giorni prima della partenza vi verr\u00e0 inviato &#8211; per e-mail o per posta &#8211; presso l&#8217;agenzia dove \u00e8 stata effettuata la prenotazione o a Voi direttamente, nel caso di prenotazione effettuata presso il nostro Ufficio booking.<\/p>\n<p>Il foglio notizie (funge da voucher), contiene comunicazione di:<br \/>\n&#8211; luogo e orario definitivo di partenza<br \/>\n&#8211; indicazione posto assegnato in pullman<br \/>\n&#8211; operativo voli (ove previsti)<br \/>\n&#8211; none, e telefono hotels<br \/>\n&#8211; numero telefonico per assistenza per eventuali necessit\u00e0, ritardi o imprevisti il giorno di partenza.<br \/>\nIl foglio notizie deve essere mostrato all&#8217;accompagnatore Benetour e conservato per tutta la durata del viaggio<\/p>\n<p><strong>Accompagnatori<br \/>\n<\/strong>Gli accompagnatori Benetour, sono selezionati in modo accurato. In corso di viaggio i nostri accompagnatori saranno a disposizione per fornirvi informazioni di carattere generale durante il viaggio e le escursioni, assegnare le camere negli hotel e risolvere eventuali inconvenienti.<br \/>\n<strong>Gli accompagnatori non sono guide turistiche<\/strong>.<br \/>\nL&#8217;accompagnatore si unisce al gruppo dalla &#8220;citt\u00e0 di partenza&#8221; del tour indicata in ogni singolo programma (es. Milano)<\/p>\n<p><strong><br \/>\n<\/strong><strong>Viaggi sicuri<br \/>\n<\/strong>Tutti i clienti Benetour sono coperti dalla&#8217;assicurazione medico\/bagaglio<br \/>\nE&#8217; possibile, anzi \u00e8 consigliata, stipulare un&#8217;assicurazione per&nbsp;<strong>l&#8217;annullamento del viaggio<\/strong>&nbsp;al momento della prenotazione o al pi\u00f9 tardi entro le 24 ore successive. L&#8217;importo \u00e8 indicativamente pari al 5% della quota complessiva del viaggio.<\/p>\n<p><strong>Reclami<br \/>\n<\/strong>Eventuali reclami devono prevenire in forma scritta entro, e non oltre, &nbsp;dieci giorni lavorativi dal termine del viaggio. Disservizi importanti in corso di viaggio dovranno essere segnalati all&#8217;accompagnatore.<\/p>\n","protected":false},"excerpt":{"rendered":"<p>Importante sapere<\/p>\n<p><strong>Costo individuale di partecipazione (C.I.P)<br \/>\n<\/strong>Il C.I.P., comunemente detto quota di apertura pratica, \u00e8 obbligatoria e individuale, salve eventuali promozioni, include sempre l&#8217;assicurazione medico\/bagaglio. L&#8217;importo della quota non \u00e8 rimborsabile salvo il caso in cui il viaggio non sia confermato per il mancato raggiungimento del numero minimo indicato in ogni singola proposta.<\/p>\n<p>&#8211; adulti&nbsp; &nbsp;&nbsp;&nbsp;&nbsp;&nbsp;&nbsp;&nbsp;&nbsp;&nbsp;&nbsp;&nbsp;&nbsp;&nbsp;&nbsp;&nbsp;&nbsp;&nbsp;&nbsp;&nbsp;&nbsp;&nbsp;&nbsp;&nbsp;da&nbsp;<strong>\u20ac [&#8230;]<\/p>\n","protected":false},"author":1,"featured_media":0,"parent":0,"menu_order":0,"comment_status":"closed","ping_status":"closed","template":"","meta":{"_acf_changed":false,"xn-wppe-expiration":[],"xn-wppe-expiration-action":[],"xn-wppe-expiration-prefix":[],"footnotes":""},"class_list":["post-6330","page","type-page","status-publish","hentry"],"acf":[],"yoast_head":"<!-- This site is optimized with the Yoast SEO plugin v27.5 - https:\/\/yoast.com\/product\/yoast-seo-wordpress\/ -->\n<title>Important to know &#8226; Benetour<\/title>\n<meta name=\"robots\" content=\"index, follow, max-snippet:-1, max-image-preview:large, max-video-preview:-1\" \/>\n<link rel=\"canonical\" href=\"http:\/\/www.benetour.it\/en\/importante-sapere\/\" \/>\n<meta property=\"og:locale\" content=\"en_US\" \/>\n<meta property=\"og:type\" content=\"article\" \/>\n<meta property=\"og:title\" content=\"Important to know &#8226; Benetour\" \/>\n<meta property=\"og:description\" content=\"Importante sapere Costo individuale di partecipazione (C.I.P) Il C.I.P., comunemente detto quota di apertura pratica, \u00e8 obbligatoria e individuale, salve eventuali promozioni, include sempre l&#8217;assicurazione medico\/bagaglio. L&#8217;importo della quota non \u00e8 rimborsabile salvo il caso in cui il viaggio non sia confermato per il mancato raggiungimento del numero minimo indicato in ogni singola proposta. &#8211; adulti&nbsp; &nbsp;&nbsp;&nbsp;&nbsp;&nbsp;&nbsp;&nbsp;&nbsp;&nbsp;&nbsp;&nbsp;&nbsp;&nbsp;&nbsp;&nbsp;&nbsp;&nbsp;&nbsp;&nbsp;&nbsp;&nbsp;&nbsp;&nbsp;da&nbsp;\u20ac [...]\" \/>\n<meta property=\"og:url\" content=\"http:\/\/www.benetour.it\/en\/importante-sapere\/\" \/>\n<meta property=\"og:site_name\" content=\"Benetour\" \/>\n<meta property=\"article:modified_time\" content=\"2020-04-24T07:14:25+00:00\" \/>\n<meta property=\"og:image\" content=\"http:\/\/www.benetour.it\/wp-content\/uploads\/2016\/04\/logobenetour-white.png\" \/>\n\t<meta property=\"og:image:width\" content=\"800\" \/>\n\t<meta property=\"og:image:height\" content=\"434\" \/>\n\t<meta property=\"og:image:type\" content=\"image\/png\" \/>\n<meta name=\"twitter:card\" content=\"summary_large_image\" \/>\n<meta name=\"twitter:label1\" content=\"Est. reading time\" \/>\n\t<meta name=\"twitter:data1\" content=\"6 minutes\" \/>\n<script type=\"application\/ld+json\" class=\"yoast-schema-graph\">{\"@context\":\"https:\\\/\\\/schema.org\",\"@graph\":[{\"@type\":\"WebPage\",\"@id\":\"http:\\\/\\\/www.benetour.it\\\/en\\\/importante-sapere\\\/\",\"url\":\"http:\\\/\\\/www.benetour.it\\\/en\\\/importante-sapere\\\/\",\"name\":\"Important to know &#8226; Benetour\",\"isPartOf\":{\"@id\":\"http:\\\/\\\/www.benetour.it\\\/en\\\/#website\"},\"datePublished\":\"2019-02-25T09:10:22+00:00\",\"dateModified\":\"2020-04-24T07:14:25+00:00\",\"breadcrumb\":{\"@id\":\"http:\\\/\\\/www.benetour.it\\\/en\\\/importante-sapere\\\/#breadcrumb\"},\"inLanguage\":\"en-US\",\"potentialAction\":[{\"@type\":\"ReadAction\",\"target\":[\"http:\\\/\\\/www.benetour.it\\\/en\\\/importante-sapere\\\/\"]}]},{\"@type\":\"WebSite\",\"@id\":\"http:\\\/\\\/www.benetour.it\\\/en\\\/#website\",\"url\":\"http:\\\/\\\/www.benetour.it\\\/en\\\/\",\"name\":\"Benetour\",\"description\":\"Viaggi e vacanze Valle d'Aosta\",\"publisher\":{\"@id\":\"http:\\\/\\\/www.benetour.it\\\/en\\\/#organization\"},\"potentialAction\":[{\"@type\":\"SearchAction\",\"target\":{\"@type\":\"EntryPoint\",\"urlTemplate\":\"http:\\\/\\\/www.benetour.it\\\/en\\\/?s={search_term_string}\"},\"query-input\":{\"@type\":\"PropertyValueSpecification\",\"valueRequired\":true,\"valueName\":\"search_term_string\"}}],\"inLanguage\":\"en-US\"},{\"@type\":\"Organization\",\"@id\":\"http:\\\/\\\/www.benetour.it\\\/en\\\/#organization\",\"name\":\"Benetour\",\"url\":\"http:\\\/\\\/www.benetour.it\\\/en\\\/\",\"logo\":{\"@type\":\"ImageObject\",\"inLanguage\":\"en-US\",\"@id\":\"http:\\\/\\\/www.benetour.it\\\/en\\\/#\\\/schema\\\/logo\\\/image\\\/\",\"url\":\"https:\\\/\\\/www.benetour.it\\\/wp-content\\\/uploads\\\/2016\\\/04\\\/logobenetour.png\",\"contentUrl\":\"https:\\\/\\\/www.benetour.it\\\/wp-content\\\/uploads\\\/2016\\\/04\\\/logobenetour.png\",\"width\":800,\"height\":434,\"caption\":\"Benetour\"},\"image\":{\"@id\":\"http:\\\/\\\/www.benetour.it\\\/en\\\/#\\\/schema\\\/logo\\\/image\\\/\"}}]}<\/script>\n<!-- \/ Yoast SEO plugin. -->","yoast_head_json":{"title":"Important to know &#8226; Benetour","robots":{"index":"index","follow":"follow","max-snippet":"max-snippet:-1","max-image-preview":"max-image-preview:large","max-video-preview":"max-video-preview:-1"},"canonical":"http:\/\/www.benetour.it\/en\/importante-sapere\/","og_locale":"en_US","og_type":"article","og_title":"Important to know &#8226; Benetour","og_description":"Importante sapere Costo individuale di partecipazione (C.I.P) Il C.I.P., comunemente detto quota di apertura pratica, \u00e8 obbligatoria e individuale, salve eventuali promozioni, include sempre l&#8217;assicurazione medico\/bagaglio. L&#8217;importo della quota non \u00e8 rimborsabile salvo il caso in cui il viaggio non sia confermato per il mancato raggiungimento del numero minimo indicato in ogni singola proposta. &#8211; adulti&nbsp; &nbsp;&nbsp;&nbsp;&nbsp;&nbsp;&nbsp;&nbsp;&nbsp;&nbsp;&nbsp;&nbsp;&nbsp;&nbsp;&nbsp;&nbsp;&nbsp;&nbsp;&nbsp;&nbsp;&nbsp;&nbsp;&nbsp;&nbsp;da&nbsp;\u20ac [...]","og_url":"http:\/\/www.benetour.it\/en\/importante-sapere\/","og_site_name":"Benetour","article_modified_time":"2020-04-24T07:14:25+00:00","og_image":[{"width":800,"height":434,"url":"http:\/\/www.benetour.it\/wp-content\/uploads\/2016\/04\/logobenetour-white.png","type":"image\/png"}],"twitter_card":"summary_large_image","twitter_misc":{"Est. reading time":"6 minutes"},"schema":{"@context":"https:\/\/schema.org","@graph":[{"@type":"WebPage","@id":"http:\/\/www.benetour.it\/en\/importante-sapere\/","url":"http:\/\/www.benetour.it\/en\/importante-sapere\/","name":"Important to know &#8226; Benetour","isPartOf":{"@id":"http:\/\/www.benetour.it\/en\/#website"},"datePublished":"2019-02-25T09:10:22+00:00","dateModified":"2020-04-24T07:14:25+00:00","breadcrumb":{"@id":"http:\/\/www.benetour.it\/en\/importante-sapere\/#breadcrumb"},"inLanguage":"en-US","potentialAction":[{"@type":"ReadAction","target":["http:\/\/www.benetour.it\/en\/importante-sapere\/"]}]},{"@type":"WebSite","@id":"http:\/\/www.benetour.it\/en\/#website","url":"http:\/\/www.benetour.it\/en\/","name":"Benetour","description":"Viaggi e vacanze Valle d'Aosta","publisher":{"@id":"http:\/\/www.benetour.it\/en\/#organization"},"potentialAction":[{"@type":"SearchAction","target":{"@type":"EntryPoint","urlTemplate":"http:\/\/www.benetour.it\/en\/?s={search_term_string}"},"query-input":{"@type":"PropertyValueSpecification","valueRequired":true,"valueName":"search_term_string"}}],"inLanguage":"en-US"},{"@type":"Organization","@id":"http:\/\/www.benetour.it\/en\/#organization","name":"Benetour","url":"http:\/\/www.benetour.it\/en\/","logo":{"@type":"ImageObject","inLanguage":"en-US","@id":"http:\/\/www.benetour.it\/en\/#\/schema\/logo\/image\/","url":"https:\/\/www.benetour.it\/wp-content\/uploads\/2016\/04\/logobenetour.png","contentUrl":"https:\/\/www.benetour.it\/wp-content\/uploads\/2016\/04\/logobenetour.png","width":800,"height":434,"caption":"Benetour"},"image":{"@id":"http:\/\/www.benetour.it\/en\/#\/schema\/logo\/image\/"}}]}},"_links":{"self":[{"href":"http:\/\/www.benetour.it\/en\/wp-json\/wp\/v2\/pages\/6330","targetHints":{"allow":["GET"]}}],"collection":[{"href":"http:\/\/www.benetour.it\/en\/wp-json\/wp\/v2\/pages"}],"about":[{"href":"http:\/\/www.benetour.it\/en\/wp-json\/wp\/v2\/types\/page"}],"author":[{"embeddable":true,"href":"http:\/\/www.benetour.it\/en\/wp-json\/wp\/v2\/users\/1"}],"replies":[{"embeddable":true,"href":"http:\/\/www.benetour.it\/en\/wp-json\/wp\/v2\/comments?post=6330"}],"version-history":[{"count":1,"href":"http:\/\/www.benetour.it\/en\/wp-json\/wp\/v2\/pages\/6330\/revisions"}],"predecessor-version":[{"id":6331,"href":"http:\/\/www.benetour.it\/en\/wp-json\/wp\/v2\/pages\/6330\/revisions\/6331"}],"wp:attachment":[{"href":"http:\/\/www.benetour.it\/en\/wp-json\/wp\/v2\/media?parent=6330"}],"curies":[{"name":"wp","href":"https:\/\/api.w.org\/{rel}","templated":true}]}}