{"id":5398,"date":"2019-05-06T17:25:46","date_gmt":"2019-05-06T15:25:46","guid":{"rendered":"http:\/\/www.benetour.it\/cookie-policy\/"},"modified":"2020-04-24T09:12:40","modified_gmt":"2020-04-24T07:12:40","slug":"cookie-policy","status":"publish","type":"page","link":"http:\/\/www.benetour.it\/en\/cookie-policy\/","title":{"rendered":"Cookie Policy"},"content":{"rendered":"<h2 class=\"title\">Informativa cookies<\/h2>\n<div class=\"row\">\n<div class=\"col-xs-12\">\n<p>I cookie sono brevi frammenti di testo (lettere e\/o numeri) che permettono al server web di memorizzare sul client (il browser) informazioni da riutilizzare nel corso della medesima visita al sito (cookie di sessione) o in seguito, anche a distanza di giorni (cookie persistenti).<\/p>\n<p>Visitando un sito web si possono ricevere cookie sia dal sito visitato (\u201cproprietari\u201d), sia da siti gestiti da altre organizzazioni (\u201cterze parti\u201d).<\/p>\n<p>Il presente sito utilizza i cookie. I cookie utilizzati possono essere di vario tipo in base alla finalit\u00e0 e allo scopo di utilizzo.<\/p>\n<h2>Cookie in uso<\/h2>\n<ul><li>PHPSESSID : 1fe1c7af3c5464ec65c8e17bc086e200<\/li><li>wp-wpml_current_language : en<\/li><\/ul>\n<h2>Cookie tecnici<\/h2>\n<p>Questa tipologia di cookie permette il corretto funzionamento di alcune sezioni del sito.<\/p>\n<p>Questi cookie sono necessari al corretto funzionamento del sito. Essi, quindi, sono utilizzati ed inviati, a meno che l\u2019utente non li disattivi con le modalit\u00e0 spiegate pi\u00f9 avanti. In generale, la disattivazione di uno o pi\u00f9 cookie potrebbe pregiudicare il corretto funzionamento di una o pi\u00f9 pagine del sito.<\/p>\n<p>I cookie del servizio YUMPU sono da intendersi cookie tecnici. Per ulteriori informazioni visitare la pagina del servizio: https:\/\/www.yumpu.com\/it\/info\/privacy_policy<\/p>\n<h2>Cookie di profilazione<\/h2>\n<p>Sono quei cookie necessari a creare profili utenti al fine di inviare messaggi pubblicitari in linea con le preferenze manifestate dall\u2019utente all\u2019interno delle pagine del sito. Il presente sito non utilizza cookie di tale tipo inviati dal proprio dominio.<\/p>\n<h2>Cookies di terze parti<\/h2>\n<p>Si riportano qui di seguito gli indirizzi web delle diverse informative e delle modalit\u00e0 per la gestione dei cookie di terze parti:<\/p>\n<ul>\n<li>Facebook informativa:&nbsp;<a href=\"https:\/\/www.facebook.com\/help\/cookies\/\">https:\/\/www.facebook.com\/help\/cookies\/<\/a><\/li>\n<li>Facebook (configurazione): accedere al proprio account. Sezione privacy.<\/li>\n<li>Twitter informative:&nbsp;<a href=\"https:\/\/support.twitter.com\/articles\/20170514\">https:\/\/support.twitter.com\/articles\/20170514<\/a><\/li>\n<li>Twitter (configurazione):&nbsp;<a href=\"https:\/\/twitter.com\/settings\/security\">https:\/\/twitter.com\/settings\/security<\/a><\/li>\n<li>Linkedin informativa:&nbsp;<a href=\"https:\/\/www.linkedin.com\/legal\/cookie-policy\">https:\/\/www.linkedin.com\/legal\/cookie-policy<\/a><\/li>\n<li>Linkedin (configurazione):&nbsp;<a href=\"https:\/\/www.linkedin.com\/settings\/\">https:\/\/www.linkedin.com\/settings\/<\/a><\/li>\n<\/ul>\n<h2>Google Analytics<\/h2>\n<p>Il sito utilizza Google Analytics, un servizio di analisi del traffico web fornito da Google, Inc. (\u201cGoogle\u201d). Google Analytics utilizza i \u201ccookie\u201d. Per ulteriori informazioni, si rinvia al link di seguito indicato:<\/p>\n<p><a href=\"https:\/\/www.google.it\/policies\/privacy\/partners\/\">https:\/\/www.google.it\/policies\/privacy\/partners\/<\/a><\/p>\n<p>Per disabilitare l\u2019azione di Google Analytics, si rinvia al link di seguito indicato:<\/p>\n<p><a href=\"https:\/\/tools.google.com\/dlpage\/gaoptout\">https:\/\/tools.google.com\/dlpage\/gaoptout<\/a><\/p>\n<h2>GoogleMaps<\/h2>\n<p>Il sito utilizza Google Maps, un servizio di mappe&nbsp;web fornito da Google, Inc. (\u201cGoogle\u201d). Google Maps&nbsp;utilizza i \u201ccookie\u201d. Per ulteriori informazioni, si rinvia al link di seguito indicato:<\/p>\n<p><a href=\"https:\/\/www.google.it\/policies\/privacy\/partners\/\">https:\/\/www.google.it\/policies\/privacy\/partners\/<\/a><\/p>\n<h2>Gestione dei cookie<\/h2>\n<p>L\u2019utente pu\u00f2 decidere se accettare o meno i cookie utilizzando le impostazioni del proprio browser. Ecco i link con le istruzioni per i browser pi\u00f9 comuni:<\/p>\n<ul>\n<li>Chrome:&nbsp;<a href=\"https:\/\/support.google.com\/chrome\/answer\/95647?hl=it\">https:\/\/support.google.com\/chrome\/answer\/95647?hl=it<\/a><\/li>\n<li>Firefox:&nbsp;<a href=\"https:\/\/support.mozilla.org\/it\/kb\/Gestione%20dei%20cookie\">https:\/\/support.mozilla.org\/it\/kb\/Gestione%20dei%20cookie&nbsp;<\/a><\/li>\n<li>Internet Explorer:&nbsp;<a href=\"http:\/\/windows.microsoft.com\/it-it\/windows7\/how-to-manage-cookies-in-internet-explorer-9\">http:\/\/windows.microsoft.com\/it-it\/internet-explorer\/delete-manage-cookies&nbsp;<\/a><\/li>\n<li>Opera:&nbsp;<a href=\"http:\/\/help.opera.com\/Windows\/10.00\/it\/cookies.html\">http:\/\/help.opera.com\/Windows\/10.00\/it\/cookies.html<\/a><\/li>\n<li>Safari:&nbsp;<a href=\"http:\/\/support.apple.com\/kb\/HT1677?viewlocale=it_IT\">http:\/\/support.apple.com\/kb\/HT1677?viewlocale=it_IT<\/a><\/li>\n<\/ul>\n<p>Per ulteriori informazioni sui cookie di soggetti terzi e su come disattivarli, visita il seguente sito:&nbsp;<a href=\"http:\/\/www.youronlinechoices.com\/it\">YourOnlineChoices.eu<\/a>.<\/p>\n<\/div>\n<\/div>\n","protected":false},"excerpt":{"rendered":"<p>Informativa cookies<\/p>\n<p>I cookie sono brevi frammenti di testo (lettere e\/o numeri) che permettono al server web di memorizzare sul client (il browser) informazioni da riutilizzare nel corso della medesima visita al sito (cookie di sessione) o in seguito, anche a distanza di giorni (cookie persistenti).<\/p>\n<p>Visitando un sito web si possono ricevere cookie sia dal sito [&#8230;]<\/p>\n","protected":false},"author":1,"featured_media":0,"parent":0,"menu_order":0,"comment_status":"closed","ping_status":"closed","template":"","meta":{"_acf_changed":false,"xn-wppe-expiration":[],"xn-wppe-expiration-action":[],"xn-wppe-expiration-prefix":[],"footnotes":""},"class_list":["post-5398","page","type-page","status-publish","hentry"],"acf":[],"yoast_head":"<!-- This site is optimized with the Yoast SEO plugin v27.5 - https:\/\/yoast.com\/product\/yoast-seo-wordpress\/ -->\n<title>Cookie Policy &#8226; Benetour<\/title>\n<meta name=\"robots\" content=\"index, follow, max-snippet:-1, max-image-preview:large, max-video-preview:-1\" \/>\n<link rel=\"canonical\" href=\"http:\/\/www.benetour.it\/en\/cookie-policy\/\" \/>\n<meta property=\"og:locale\" content=\"en_US\" \/>\n<meta property=\"og:type\" content=\"article\" \/>\n<meta property=\"og:title\" content=\"Cookie Policy &#8226; Benetour\" \/>\n<meta property=\"og:description\" content=\"Informativa cookies  I cookie sono brevi frammenti di testo (lettere e\/o numeri) che permettono al server web di memorizzare sul client (il browser) informazioni da riutilizzare nel corso della medesima visita al sito (cookie di sessione) o in seguito, anche a distanza di giorni (cookie persistenti). Visitando un sito web si possono ricevere cookie sia dal sito [...]\" \/>\n<meta property=\"og:url\" content=\"http:\/\/www.benetour.it\/en\/cookie-policy\/\" \/>\n<meta property=\"og:site_name\" content=\"Benetour\" \/>\n<meta property=\"article:modified_time\" content=\"2020-04-24T07:12:40+00:00\" \/>\n<meta property=\"og:image\" content=\"http:\/\/www.benetour.it\/wp-content\/uploads\/2016\/04\/logobenetour-white.png\" \/>\n\t<meta property=\"og:image:width\" content=\"800\" \/>\n\t<meta property=\"og:image:height\" content=\"434\" \/>\n\t<meta property=\"og:image:type\" content=\"image\/png\" \/>\n<meta name=\"twitter:card\" content=\"summary_large_image\" \/>\n<meta name=\"twitter:label1\" content=\"Est. reading time\" \/>\n\t<meta name=\"twitter:data1\" content=\"3 minutes\" \/>\n<script type=\"application\/ld+json\" class=\"yoast-schema-graph\">{\"@context\":\"https:\\\/\\\/schema.org\",\"@graph\":[{\"@type\":\"WebPage\",\"@id\":\"http:\\\/\\\/www.benetour.it\\\/en\\\/cookie-policy\\\/\",\"url\":\"http:\\\/\\\/www.benetour.it\\\/en\\\/cookie-policy\\\/\",\"name\":\"Cookie Policy &#8226; Benetour\",\"isPartOf\":{\"@id\":\"http:\\\/\\\/www.benetour.it\\\/en\\\/#website\"},\"datePublished\":\"2019-05-06T15:25:46+00:00\",\"dateModified\":\"2020-04-24T07:12:40+00:00\",\"breadcrumb\":{\"@id\":\"http:\\\/\\\/www.benetour.it\\\/en\\\/cookie-policy\\\/#breadcrumb\"},\"inLanguage\":\"en-US\",\"potentialAction\":[{\"@type\":\"ReadAction\",\"target\":[\"http:\\\/\\\/www.benetour.it\\\/en\\\/cookie-policy\\\/\"]}]},{\"@type\":\"WebSite\",\"@id\":\"http:\\\/\\\/www.benetour.it\\\/en\\\/#website\",\"url\":\"http:\\\/\\\/www.benetour.it\\\/en\\\/\",\"name\":\"Benetour\",\"description\":\"Viaggi e vacanze Valle d'Aosta\",\"publisher\":{\"@id\":\"http:\\\/\\\/www.benetour.it\\\/en\\\/#organization\"},\"potentialAction\":[{\"@type\":\"SearchAction\",\"target\":{\"@type\":\"EntryPoint\",\"urlTemplate\":\"http:\\\/\\\/www.benetour.it\\\/en\\\/?s={search_term_string}\"},\"query-input\":{\"@type\":\"PropertyValueSpecification\",\"valueRequired\":true,\"valueName\":\"search_term_string\"}}],\"inLanguage\":\"en-US\"},{\"@type\":\"Organization\",\"@id\":\"http:\\\/\\\/www.benetour.it\\\/en\\\/#organization\",\"name\":\"Benetour\",\"url\":\"http:\\\/\\\/www.benetour.it\\\/en\\\/\",\"logo\":{\"@type\":\"ImageObject\",\"inLanguage\":\"en-US\",\"@id\":\"http:\\\/\\\/www.benetour.it\\\/en\\\/#\\\/schema\\\/logo\\\/image\\\/\",\"url\":\"https:\\\/\\\/www.benetour.it\\\/wp-content\\\/uploads\\\/2016\\\/04\\\/logobenetour.png\",\"contentUrl\":\"https:\\\/\\\/www.benetour.it\\\/wp-content\\\/uploads\\\/2016\\\/04\\\/logobenetour.png\",\"width\":800,\"height\":434,\"caption\":\"Benetour\"},\"image\":{\"@id\":\"http:\\\/\\\/www.benetour.it\\\/en\\\/#\\\/schema\\\/logo\\\/image\\\/\"}}]}<\/script>\n<!-- \/ Yoast SEO plugin. -->","yoast_head_json":{"title":"Cookie Policy &#8226; Benetour","robots":{"index":"index","follow":"follow","max-snippet":"max-snippet:-1","max-image-preview":"max-image-preview:large","max-video-preview":"max-video-preview:-1"},"canonical":"http:\/\/www.benetour.it\/en\/cookie-policy\/","og_locale":"en_US","og_type":"article","og_title":"Cookie Policy &#8226; Benetour","og_description":"Informativa cookies  I cookie sono brevi frammenti di testo (lettere e\/o numeri) che permettono al server web di memorizzare sul client (il browser) informazioni da riutilizzare nel corso della medesima visita al sito (cookie di sessione) o in seguito, anche a distanza di giorni (cookie persistenti). Visitando un sito web si possono ricevere cookie sia dal sito [...]","og_url":"http:\/\/www.benetour.it\/en\/cookie-policy\/","og_site_name":"Benetour","article_modified_time":"2020-04-24T07:12:40+00:00","og_image":[{"width":800,"height":434,"url":"http:\/\/www.benetour.it\/wp-content\/uploads\/2016\/04\/logobenetour-white.png","type":"image\/png"}],"twitter_card":"summary_large_image","twitter_misc":{"Est. reading time":"3 minutes"},"schema":{"@context":"https:\/\/schema.org","@graph":[{"@type":"WebPage","@id":"http:\/\/www.benetour.it\/en\/cookie-policy\/","url":"http:\/\/www.benetour.it\/en\/cookie-policy\/","name":"Cookie Policy &#8226; Benetour","isPartOf":{"@id":"http:\/\/www.benetour.it\/en\/#website"},"datePublished":"2019-05-06T15:25:46+00:00","dateModified":"2020-04-24T07:12:40+00:00","breadcrumb":{"@id":"http:\/\/www.benetour.it\/en\/cookie-policy\/#breadcrumb"},"inLanguage":"en-US","potentialAction":[{"@type":"ReadAction","target":["http:\/\/www.benetour.it\/en\/cookie-policy\/"]}]},{"@type":"WebSite","@id":"http:\/\/www.benetour.it\/en\/#website","url":"http:\/\/www.benetour.it\/en\/","name":"Benetour","description":"Viaggi e vacanze Valle d'Aosta","publisher":{"@id":"http:\/\/www.benetour.it\/en\/#organization"},"potentialAction":[{"@type":"SearchAction","target":{"@type":"EntryPoint","urlTemplate":"http:\/\/www.benetour.it\/en\/?s={search_term_string}"},"query-input":{"@type":"PropertyValueSpecification","valueRequired":true,"valueName":"search_term_string"}}],"inLanguage":"en-US"},{"@type":"Organization","@id":"http:\/\/www.benetour.it\/en\/#organization","name":"Benetour","url":"http:\/\/www.benetour.it\/en\/","logo":{"@type":"ImageObject","inLanguage":"en-US","@id":"http:\/\/www.benetour.it\/en\/#\/schema\/logo\/image\/","url":"https:\/\/www.benetour.it\/wp-content\/uploads\/2016\/04\/logobenetour.png","contentUrl":"https:\/\/www.benetour.it\/wp-content\/uploads\/2016\/04\/logobenetour.png","width":800,"height":434,"caption":"Benetour"},"image":{"@id":"http:\/\/www.benetour.it\/en\/#\/schema\/logo\/image\/"}}]}},"_links":{"self":[{"href":"http:\/\/www.benetour.it\/en\/wp-json\/wp\/v2\/pages\/5398","targetHints":{"allow":["GET"]}}],"collection":[{"href":"http:\/\/www.benetour.it\/en\/wp-json\/wp\/v2\/pages"}],"about":[{"href":"http:\/\/www.benetour.it\/en\/wp-json\/wp\/v2\/types\/page"}],"author":[{"embeddable":true,"href":"http:\/\/www.benetour.it\/en\/wp-json\/wp\/v2\/users\/1"}],"replies":[{"embeddable":true,"href":"http:\/\/www.benetour.it\/en\/wp-json\/wp\/v2\/comments?post=5398"}],"version-history":[{"count":1,"href":"http:\/\/www.benetour.it\/en\/wp-json\/wp\/v2\/pages\/5398\/revisions"}],"predecessor-version":[{"id":5399,"href":"http:\/\/www.benetour.it\/en\/wp-json\/wp\/v2\/pages\/5398\/revisions\/5399"}],"wp:attachment":[{"href":"http:\/\/www.benetour.it\/en\/wp-json\/wp\/v2\/media?parent=5398"}],"curies":[{"name":"wp","href":"https:\/\/api.w.org\/{rel}","templated":true}]}}