{"id":5396,"date":"2019-02-22T09:06:30","date_gmt":"2019-02-22T08:06:30","guid":{"rendered":"http:\/\/www.benetour.it\/privacy-policy\/"},"modified":"2019-02-22T09:06:30","modified_gmt":"2019-02-22T08:06:30","slug":"privacy-policy","status":"publish","type":"page","link":"http:\/\/www.benetour.it\/en\/privacy-policy\/","title":{"rendered":"Privacy Policy"},"content":{"rendered":"<p class=\"p3\" style=\"text-align: center;\"><span class=\"s1\"><b>Informativa sul trattamento dei dati personali e acquisizione consenso<\/b><\/span><\/p>\n<p class=\"p4\"><span class=\"s1\">Benetour di Beneforti Pier Paolo &amp; C SAS (di seguito anche \u201cTO\u201d), in qualit\u00e0 di titolare del trattamento dei dati personali, ai sensi dell&#8217;art. 13 del Regolamento Europeo Generale sulla Protezione dei Dati Personali 679\/2016 (di seguito il \u201cGDPR\u201d), fornisce le seguenti informazioni circa il trattamento dei dati che Lei, in qualit\u00e0 di interessato, ci ha comunicato: <\/span><\/p>\n<p>a) per l\u2019organizzazione o la prenotazione di un pacchetto turistico;<br \/>\nb) per consentire l\u2019acquisto di servizi turistici collegati;<br \/>\nc) per l\u2019intermediazione nell\u2019acquisto di un pacchetto turistico organizzato da terzi o di singoli servizi turistici prestati da terzi fornitori (es. albergatori, vettori,);<br \/>\nd) per l\u2019intermediazione nell\u2019acquisto di servizi finanziari\/assicurativi accessori e collegati ai pacchetti\/servizi turistici agevolati o acquistati singolarmente (polizze medico\u2013bagaglio; annullamento; assistenza al viaggiatore in difficolt\u00e0; finanziamenti credito al consumo);<br \/>\ne) per adempiere all\u2019incarico relativo al rilascio di visti;<br \/>\nf) per la registrazione al nostro sito web o la compilazione dei moduli presenti sul sito web;<\/p>\n<p class=\"p5\"><span class=\"s1\"><b>Finalit\u00e0 e base giuridica del trattamento.<\/b><\/span><\/p>\n<p class=\"p5\"><span class=\"s1\">Inoltre, tra i dati da Lei forniti ci potrebbero essere anche alcuni dati personali definiti dal GDPR e dalla normativa italiana di armonizzazione come \u201cparticolari\u201d (es. sanitari, giudiziari). I dati sensibili\/particolari saranno trattati secondo le finalit\u00e0 di seguito indicate e solo con il Suo consenso espresso.<\/span><\/p>\n<p class=\"p5\"><span class=\"s1\"><b>a) Finalit\u00e0 relativa alla prestazione contrattuale<\/b>. I Suoi dati personali saranno trattati ai fini dell&#8217;adempimento degli obblighi nascenti dalla trattativa e dal contratto relativo all\u2019organizzazione del pacchetto turistico, ovvero al mandato di agevolare l\u2019acquisto dei servizi turistici collegati o al mandato di intermediazione per l\u2019acquisto di singoli servizi turistici o comunque per l\u2019esecuzione delle obbligazioni discendenti da tutti i rapporti contrattuali, inclusa la fase delle trattative, indicati alle precedenti lett. da a) a f), al fine di consentire al TO di erogare in maniera ottimale la prestazione, in particolare per: <\/span><\/p>\n<p>a1 la conclusione, gestione ed esecuzione dei rapporti contrattuali fra Lei e il TO;<\/p>\n<p class=\"p5\"><span class=\"s1\">a2 rispondere alle Sue richieste;<br \/>\na3 la comunicazione di avvisi, relativi al pacchetto o servizi turisti acquistati o altri servizi aggiuntivi ed accessori (ad es. informativa relativa ai servizi turistici acquistati; modifica delle condizioni contrattuali; annullamenti); <\/span><\/p>\n<p><b>b) Finalit\u00e0 di legge.<\/b> I Suoi dati personali saranno trattati anche per:<br \/>\nb1). dare esecuzione ad obblighi di legge, regolamenti, normative nazionali, comunitarie ed internazionali o derivanti da disposizioni impartite da Autorit\u00e0 a ci\u00f2 legittimate dalla legge;<br \/>\nb2 accertare, esercitare e\/o difendere in sede contenziosa, anche giudiziaria, un diritto di TO;<br \/>\nb3) adempiere agli obblighi previsti in ambito fiscale e contabile;<br \/>\nb4) adempiere ad obblighi legati alla normativa sulla sicurezza e salute dei viaggiatori;<br \/>\nb5) adempiere ad obblighi legati alla normativa del trasporto passeggeri e merci.<\/p>\n<p><b>c) Finalit\u00e0 legate al business e statistiche.<\/b> I Suoi dati personali saranno trattati anche per finalit\u00e0 attinenti o pertinenti all\u2019attivit\u00e0 svolta dal TO e per l\u2019elaborazione in forma anonima di statistiche e ricerche di mercato.<\/p>\n<p><b>d) Ulteriori finalit\u00e0.<\/b> Inoltre, qualora Lei lo acconsenta espressamente, i Suoi dati personali saranno trattati per le seguenti finalit\u00e0: <b>Finalit\u00e0 di Marketing<\/b>, che comprendono:<br \/>\nattivit\u00e0 promozionali del TO realizzate sia con modalit\u00e0 automatizzate (ad es. e-mail, sms, applicazioni per messaggeria istantanea, ecc.) che con modalit\u00e0 non automatizzate (ad es. posta ordinaria, telefono con operatore, ecc.). In particolare, il TO potr\u00e0 utilizzare il Suo indirizzo e-mail, fornito al momento dell\u2019acquisto di pacchetti o servizi turistici, per trasmetterle comunicazioni informative e promozionali legate ai servizi e ai prodotti analoghi ed offerti dal TO<\/p>\n<p class=\"p5\"><span class=\"s1\"><b>Natura del conferimento dei dati e conseguenze di un eventuale rifiuto. <\/b><\/span><\/p>\n<p class=\"p5\"><span class=\"s1\">Il conferimento dei Suoi dati personali \u00e8 <b>facoltativo<\/b>, tuttavia, in mancanza dei dati richiesti per le finalit\u00e0 indicate ai punti a) e b) (finalit\u00e0 relativa alla prestazione contrattuale e di legge) la prestazione richiesta o parte di essa non potr\u00e0 essere eseguita e Lei non potr\u00e0 usufruire delle opportunit\u00e0 sopra menzionate. <\/span><\/p>\n<p class=\"p5\"><span class=\"s1\">Il conferimento dei dati facoltativi consentir\u00e0 al TO di migliorare i servizi offerti al fine di renderli sempre pi\u00f9 rispondenti agli interessi personali dei propri clienti. <\/span><\/p>\n<p class=\"p5\"><span class=\"s1\">Il conferimento dei dati personali sensibili\/particolari \u00e8 volontario; tuttavia, in mancanza di tale consenso il TO potrebbe non essere in grado di ottemperare ad alcuni obblighi contrattuali legati al trattamento di tali dati. <\/span><\/p>\n<p class=\"p5\"><span class=\"s1\"><b>Categorie di destinatari dei dati personali. <\/b><\/span><\/p>\n<p class=\"p5\"><span class=\"s1\">I Suoi dati non saranno diffusi. I Suoi dati potranno essere comunicati, esclusivamente per le finalit\u00e0 di cui sopra, alle seguenti categorie di soggetti: <\/span><\/p>\n<p class=\"p5\"><span class=\"s2\">\u00ef<\/span><span class=\"s1\"> il personale interno del TO, in qualit\u00e0 di incaricato e\/o responsabile del trattamento; <\/span><\/p>\n<p class=\"p5\"><span class=\"s2\">\u00ef<\/span><span class=\"s1\"> ai fornitori di servizi turistici inclusi nei pacchetti venduti, o che prestino quelli collegati o singoli acquistati presso il TO; <\/span><\/p>\n<p class=\"p5\"><span class=\"s2\">\u00ef<\/span><span class=\"s1\"> alle Compagnie di assicurazione che prestano le coperture accessorie e collegate con i pacchetti e servizi turistici acquistati; <\/span><\/p>\n<p class=\"p5\"><span class=\"s2\">\u00ef<\/span><span class=\"s1\"> persone, societ\u00e0, associazioni o studi professionali che prestino servizi o attivit\u00e0 di assistenza e consulenza a favore del TO al fine di tutelare un proprio diritto (ad esempio, commercialisti, avvocati, consulenti fiscali, revisori contabili, consulenti nell\u2019ambito di operazioni di auditing o due diligence, etc.); <\/span><\/p>\n<p class=\"p5\"><span class=\"s2\">\u00ef<\/span><span class=\"s1\"> soggetti cui la facolt\u00e0 di accedere ai Suoi dati sia riconosciuta da disposizioni di legge e di normativa secondaria o da disposizioni impartite da Autorit\u00e0 a ci\u00f2 legittimate dalla legge, fra cui le autorit\u00e0 aeroportuali, portuali, doganali e di frontiera. <\/span><\/p>\n<p class=\"p5\"><span class=\"s1\"><b>Trasferimento dei dati personali al di fuori dell\u2019Unione Europea. <\/b><\/span><\/p>\n<p class=\"p5\"><span class=\"s1\">I Suoi dati personali potranno essere trasferiti all&#8217;estero a Societ\u00e0 terze appartenenti o meno all\u2019Unione Europea, sempre per le finalit\u00e0 sopra indicate. <\/span><\/p>\n<p class=\"p5\"><span class=\"s1\">In caso di trasferimento dei dati in paesi al di fuori dell\u2019Unione Europea, tali paesi garantiranno un livello di protezione adeguato sulla base di una specifica decisione della Commissione Europea o in alternativa il destinatario sar\u00e0 obbligato contrattualmente alla protezione dei dati con un livello adeguato e paragonabile alla tutela prevista dal GDPR. <\/span><\/p>\n<p class=\"p5\"><span class=\"s1\"><b>Conservazione dei dati personali. <\/b><\/span><\/p>\n<p class=\"p5\"><span class=\"s1\">I dati personali saranno conservati per un periodo non superiore a quello necessario per il conseguimento degli scopi per i quali gli stessi sono stati raccolti e successivamente trattati. <\/span><\/p>\n<p class=\"p5\"><span class=\"s1\">I dati personali saranno conservati per tutta la durata del contratto da lei concluso e anche per un periodo successivo: <\/span><\/p>\n<p class=\"p5\"><span class=\"s1\">a) entro i termini stabiliti dalla normativa vigente; <\/span><\/p>\n<p class=\"p5\"><span class=\"s1\">b) entro i termini stabiliti dalla normativa anche secondaria che impongono la conservazione dei dati (ad esempio dichiarazioni fiscali);<\/span><\/p>\n<p class=\"p5\"><span class=\"s1\">a) entro il periodo necessario per proteggere i diritti del titolare dei dati nelle ipotesi di eventuali controversie legate all\u2019erogazione della prestazione. <\/span><\/p>\n<p class=\"p5\"><span class=\"s1\"><b>Titolare e Responsabili del trattamento. <\/b><\/span><\/p>\n<p class=\"p5\"><span class=\"s1\">Titolari del trattamento \u00e8: Benetour di Beneforti Pier Paolo &amp; C, SAS, con sede in Piazza E. Chanoux 28\/a, 1100 Aosta, legale rappresentante Beneforti Pier Paolo <\/span><\/p>\n<p class=\"p5\"><span class=\"s1\"><b>Diritti dell\u2019interessato. <\/b><\/span><\/p>\n<p class=\"p5\"><span class=\"s1\">In qualsiasi momento, ai sensi degli artt. 15 a 22 del GDPR Lei ha il diritto, anche in relazione all\u2019attivit\u00e0 di profilazione, di: <\/span><\/p>\n<ul class=\"ul1\">\n<li class=\"li4\"><span class=\"s1\">chiedere al titolare l&#8217;accesso ai Suoi dati personali ed alle informazioni relative agli stessi; la rettifica dei dati inesatti o l&#8217;integrazione di quelli incompleti; la cancellazione dei dati personali che La riguardano (al verificarsi di una delle condizioni indicate nell&#8217;art. 17, paragrafo 1 del GDPR e nel rispetto delle eccezioni previste nel paragrafo 3 dello stesso articolo); la limitazione del trattamento dei Suoi dati personali (al ricorrere di una delle ipotesi indicate nell&#8217;art. 18, paragrafo 1 del GDPR); <\/span><\/li>\n<li class=\"li4\"><span class=\"s1\">richiedere ed ottenere dal titolare &#8211; nelle ipotesi in cui la base giuridica del trattamento sia il contratto o il consenso, e lo stesso sia effettuato con mezzi automatizzati &#8211; i Suoi dati personali in un formato strutturato e leggibile da dispositivo automatico, anche al fine di comunicare tali dati ad un altro titolare del trattamento (c.d. diritto alla portabilit\u00e0 dei dati personali); <\/span><\/li>\n<li class=\"li4\"><span class=\"s1\">opporsi in qualsiasi momento al trattamento dei Suoi dati personali al ricorrere di situazioni particolari che La riguardano; <\/span><\/li>\n<li class=\"li4\"><span class=\"s1\">revocare il consenso in qualsiasi momento, limitatamente alle ipotesi in cui il trattamento sia basato sul Suo consenso per una o pi\u00f9 specifiche finalit\u00e0 e riguardi dati personali comuni (ad esempio data e luogo di nascita o luogo di residenza), oppure particolari categorie di dati (ad esempio dati che rivelano la Sua origine razziale, le Sue opinioni politiche, le Sue convinzioni religiose, lo stato di salute o la vita sessuale). Il trattamento basato sul consenso ed effettuato antecedentemente alla revoca dello stesso conserva, comunque, la sua liceit\u00e0;<\/span><\/li>\n<li class=\"li4\"><span class=\"s1\">proporre reclamo a un&#8217;autorit\u00e0 di controllo (Autorit\u00e0 Garante per la protezione dei dati personali \u2013 www.garanteprivacy.it). <\/span><\/li>\n<\/ul>\n","protected":false},"excerpt":{"rendered":"<p class=\"p3\" style=\"text-align: center;\"><b>Informativa sul trattamento dei dati personali e acquisizione consenso<\/b><\/p>\n<p class=\"p4\">Benetour di Beneforti Pier Paolo &amp; C SAS (di seguito anche \u201cTO\u201d), in qualit\u00e0 di titolare del trattamento dei dati personali, ai sensi dell&#8217;art. 13 del Regolamento Europeo Generale sulla Protezione dei Dati Personali 679\/2016 (di seguito il \u201cGDPR\u201d), fornisce le seguenti informazioni [&#8230;]<\/p>\n","protected":false},"author":1,"featured_media":0,"parent":0,"menu_order":0,"comment_status":"closed","ping_status":"closed","template":"","meta":{"_acf_changed":false,"xn-wppe-expiration":[],"xn-wppe-expiration-action":[],"xn-wppe-expiration-prefix":[],"footnotes":""},"class_list":["post-5396","page","type-page","status-publish","hentry"],"acf":[],"yoast_head":"<!-- This site is optimized with the Yoast SEO plugin v27.5 - https:\/\/yoast.com\/product\/yoast-seo-wordpress\/ -->\n<title>Privacy Policy &#8226; Benetour<\/title>\n<meta name=\"robots\" content=\"index, follow, max-snippet:-1, max-image-preview:large, max-video-preview:-1\" \/>\n<link rel=\"canonical\" href=\"http:\/\/www.benetour.it\/en\/privacy-policy\/\" \/>\n<meta property=\"og:locale\" content=\"en_US\" \/>\n<meta property=\"og:type\" content=\"article\" \/>\n<meta property=\"og:title\" content=\"Privacy Policy &#8226; Benetour\" \/>\n<meta property=\"og:description\" content=\"Informativa sul trattamento dei dati personali e acquisizione consenso Benetour di Beneforti Pier Paolo &amp; C SAS (di seguito anche \u201cTO\u201d), in qualit\u00e0 di titolare del trattamento dei dati personali, ai sensi dell&#8217;art. 13 del Regolamento Europeo Generale sulla Protezione dei Dati Personali 679\/2016 (di seguito il \u201cGDPR\u201d), fornisce le seguenti informazioni [...]\" \/>\n<meta property=\"og:url\" content=\"http:\/\/www.benetour.it\/en\/privacy-policy\/\" \/>\n<meta property=\"og:site_name\" content=\"Benetour\" \/>\n<meta property=\"og:image\" content=\"http:\/\/www.benetour.it\/wp-content\/uploads\/2016\/04\/logobenetour-white.png\" \/>\n\t<meta property=\"og:image:width\" content=\"800\" \/>\n\t<meta property=\"og:image:height\" content=\"434\" \/>\n\t<meta property=\"og:image:type\" content=\"image\/png\" \/>\n<meta name=\"twitter:card\" content=\"summary_large_image\" \/>\n<meta name=\"twitter:label1\" content=\"Est. reading time\" \/>\n\t<meta name=\"twitter:data1\" content=\"7 minutes\" \/>\n<script type=\"application\/ld+json\" class=\"yoast-schema-graph\">{\"@context\":\"https:\\\/\\\/schema.org\",\"@graph\":[{\"@type\":\"WebPage\",\"@id\":\"http:\\\/\\\/www.benetour.it\\\/en\\\/privacy-policy\\\/\",\"url\":\"http:\\\/\\\/www.benetour.it\\\/en\\\/privacy-policy\\\/\",\"name\":\"Privacy Policy &#8226; Benetour\",\"isPartOf\":{\"@id\":\"http:\\\/\\\/www.benetour.it\\\/en\\\/#website\"},\"datePublished\":\"2019-02-22T08:06:30+00:00\",\"breadcrumb\":{\"@id\":\"http:\\\/\\\/www.benetour.it\\\/en\\\/privacy-policy\\\/#breadcrumb\"},\"inLanguage\":\"en-US\",\"potentialAction\":[{\"@type\":\"ReadAction\",\"target\":[\"http:\\\/\\\/www.benetour.it\\\/en\\\/privacy-policy\\\/\"]}]},{\"@type\":\"WebSite\",\"@id\":\"http:\\\/\\\/www.benetour.it\\\/en\\\/#website\",\"url\":\"http:\\\/\\\/www.benetour.it\\\/en\\\/\",\"name\":\"Benetour\",\"description\":\"Viaggi e vacanze Valle d'Aosta\",\"publisher\":{\"@id\":\"http:\\\/\\\/www.benetour.it\\\/en\\\/#organization\"},\"potentialAction\":[{\"@type\":\"SearchAction\",\"target\":{\"@type\":\"EntryPoint\",\"urlTemplate\":\"http:\\\/\\\/www.benetour.it\\\/en\\\/?s={search_term_string}\"},\"query-input\":{\"@type\":\"PropertyValueSpecification\",\"valueRequired\":true,\"valueName\":\"search_term_string\"}}],\"inLanguage\":\"en-US\"},{\"@type\":\"Organization\",\"@id\":\"http:\\\/\\\/www.benetour.it\\\/en\\\/#organization\",\"name\":\"Benetour\",\"url\":\"http:\\\/\\\/www.benetour.it\\\/en\\\/\",\"logo\":{\"@type\":\"ImageObject\",\"inLanguage\":\"en-US\",\"@id\":\"http:\\\/\\\/www.benetour.it\\\/en\\\/#\\\/schema\\\/logo\\\/image\\\/\",\"url\":\"https:\\\/\\\/www.benetour.it\\\/wp-content\\\/uploads\\\/2016\\\/04\\\/logobenetour.png\",\"contentUrl\":\"https:\\\/\\\/www.benetour.it\\\/wp-content\\\/uploads\\\/2016\\\/04\\\/logobenetour.png\",\"width\":800,\"height\":434,\"caption\":\"Benetour\"},\"image\":{\"@id\":\"http:\\\/\\\/www.benetour.it\\\/en\\\/#\\\/schema\\\/logo\\\/image\\\/\"}}]}<\/script>\n<!-- \/ Yoast SEO plugin. -->","yoast_head_json":{"title":"Privacy Policy &#8226; Benetour","robots":{"index":"index","follow":"follow","max-snippet":"max-snippet:-1","max-image-preview":"max-image-preview:large","max-video-preview":"max-video-preview:-1"},"canonical":"http:\/\/www.benetour.it\/en\/privacy-policy\/","og_locale":"en_US","og_type":"article","og_title":"Privacy Policy &#8226; Benetour","og_description":"Informativa sul trattamento dei dati personali e acquisizione consenso Benetour di Beneforti Pier Paolo &amp; C SAS (di seguito anche \u201cTO\u201d), in qualit\u00e0 di titolare del trattamento dei dati personali, ai sensi dell&#8217;art. 13 del Regolamento Europeo Generale sulla Protezione dei Dati Personali 679\/2016 (di seguito il \u201cGDPR\u201d), fornisce le seguenti informazioni [...]","og_url":"http:\/\/www.benetour.it\/en\/privacy-policy\/","og_site_name":"Benetour","og_image":[{"width":800,"height":434,"url":"http:\/\/www.benetour.it\/wp-content\/uploads\/2016\/04\/logobenetour-white.png","type":"image\/png"}],"twitter_card":"summary_large_image","twitter_misc":{"Est. reading time":"7 minutes"},"schema":{"@context":"https:\/\/schema.org","@graph":[{"@type":"WebPage","@id":"http:\/\/www.benetour.it\/en\/privacy-policy\/","url":"http:\/\/www.benetour.it\/en\/privacy-policy\/","name":"Privacy Policy &#8226; Benetour","isPartOf":{"@id":"http:\/\/www.benetour.it\/en\/#website"},"datePublished":"2019-02-22T08:06:30+00:00","breadcrumb":{"@id":"http:\/\/www.benetour.it\/en\/privacy-policy\/#breadcrumb"},"inLanguage":"en-US","potentialAction":[{"@type":"ReadAction","target":["http:\/\/www.benetour.it\/en\/privacy-policy\/"]}]},{"@type":"WebSite","@id":"http:\/\/www.benetour.it\/en\/#website","url":"http:\/\/www.benetour.it\/en\/","name":"Benetour","description":"Viaggi e vacanze Valle d'Aosta","publisher":{"@id":"http:\/\/www.benetour.it\/en\/#organization"},"potentialAction":[{"@type":"SearchAction","target":{"@type":"EntryPoint","urlTemplate":"http:\/\/www.benetour.it\/en\/?s={search_term_string}"},"query-input":{"@type":"PropertyValueSpecification","valueRequired":true,"valueName":"search_term_string"}}],"inLanguage":"en-US"},{"@type":"Organization","@id":"http:\/\/www.benetour.it\/en\/#organization","name":"Benetour","url":"http:\/\/www.benetour.it\/en\/","logo":{"@type":"ImageObject","inLanguage":"en-US","@id":"http:\/\/www.benetour.it\/en\/#\/schema\/logo\/image\/","url":"https:\/\/www.benetour.it\/wp-content\/uploads\/2016\/04\/logobenetour.png","contentUrl":"https:\/\/www.benetour.it\/wp-content\/uploads\/2016\/04\/logobenetour.png","width":800,"height":434,"caption":"Benetour"},"image":{"@id":"http:\/\/www.benetour.it\/en\/#\/schema\/logo\/image\/"}}]}},"_links":{"self":[{"href":"http:\/\/www.benetour.it\/en\/wp-json\/wp\/v2\/pages\/5396","targetHints":{"allow":["GET"]}}],"collection":[{"href":"http:\/\/www.benetour.it\/en\/wp-json\/wp\/v2\/pages"}],"about":[{"href":"http:\/\/www.benetour.it\/en\/wp-json\/wp\/v2\/types\/page"}],"author":[{"embeddable":true,"href":"http:\/\/www.benetour.it\/en\/wp-json\/wp\/v2\/users\/1"}],"replies":[{"embeddable":true,"href":"http:\/\/www.benetour.it\/en\/wp-json\/wp\/v2\/comments?post=5396"}],"version-history":[{"count":0,"href":"http:\/\/www.benetour.it\/en\/wp-json\/wp\/v2\/pages\/5396\/revisions"}],"wp:attachment":[{"href":"http:\/\/www.benetour.it\/en\/wp-json\/wp\/v2\/media?parent=5396"}],"curies":[{"name":"wp","href":"https:\/\/api.w.org\/{rel}","templated":true}]}}